{"id":81,"date":"2022-09-26T18:24:18","date_gmt":"2022-09-26T21:24:18","guid":{"rendered":"https:\/\/www.alirent.com.uy\/?page_id=81"},"modified":"2024-08-14T17:31:37","modified_gmt":"2024-08-14T20:31:37","slug":"economicos","status":"publish","type":"page","link":"https:\/\/www.alirent.com.uy\/index.php\/economicos\/","title":{"rendered":"Econ\u00f3micos"},"content":{"rendered":"\t\t<div data-elementor-type=\"wp-page\" data-elementor-id=\"81\" class=\"elementor elementor-81\">\n\t\t\t\t\t\t\t\t\t<section class=\"elementor-section elementor-top-section elementor-element elementor-element-92ebb84 elementor-hidden-mobile elementor-section-boxed elementor-section-height-default elementor-section-height-default\" data-id=\"92ebb84\" data-element_type=\"section\">\n\t\t\t\t\t\t<div class=\"elementor-container elementor-column-gap-default\">\n\t\t\t\t\t<div class=\"elementor-column elementor-col-100 elementor-top-column elementor-element elementor-element-277c912\" data-id=\"277c912\" data-element_type=\"column\">\n\t\t\t<div class=\"elementor-widget-wrap elementor-element-populated\">\n\t\t\t\t\t\t\t\t<div class=\"elementor-element elementor-element-acd6aa4 elementor-widget elementor-widget-heading\" data-id=\"acd6aa4\" data-element_type=\"widget\" data-widget_type=\"heading.default\">\n\t\t\t\t<div class=\"elementor-widget-container\">\n\t\t\t<style>\/*! elementor - v3.7.7 - 20-09-2022 *\/\n.elementor-heading-title{padding:0;margin:0;line-height:1}.elementor-widget-heading .elementor-heading-title[class*=elementor-size-]>a{color:inherit;font-size:inherit;line-height:inherit}.elementor-widget-heading .elementor-heading-title.elementor-size-small{font-size:15px}.elementor-widget-heading .elementor-heading-title.elementor-size-medium{font-size:19px}.elementor-widget-heading .elementor-heading-title.elementor-size-large{font-size:29px}.elementor-widget-heading .elementor-heading-title.elementor-size-xl{font-size:39px}.elementor-widget-heading .elementor-heading-title.elementor-size-xxl{font-size:59px}<\/style><h2 class=\"elementor-heading-title elementor-size-default\">Econ\u00f3micos <\/h2>\t\t<\/div>\n\t\t\t\t<\/div>\n\t\t\t\t\t<\/div>\n\t\t<\/div>\n\t\t\t\t\t\t\t<\/div>\n\t\t<\/section>\n\t\t\t\t<section class=\"elementor-section elementor-top-section elementor-element elementor-element-83d0393 elementor-hidden-desktop elementor-hidden-tablet elementor-section-boxed elementor-section-height-default elementor-section-height-default\" data-id=\"83d0393\" data-element_type=\"section\">\n\t\t\t\t\t\t<div class=\"elementor-container elementor-column-gap-default\">\n\t\t\t\t\t<div class=\"elementor-column elementor-col-100 elementor-top-column elementor-element elementor-element-8ed3ac7\" data-id=\"8ed3ac7\" data-element_type=\"column\">\n\t\t\t<div class=\"elementor-widget-wrap elementor-element-populated\">\n\t\t\t\t\t\t\t\t<div class=\"elementor-element elementor-element-500f2ab elementor-widget elementor-widget-heading\" data-id=\"500f2ab\" data-element_type=\"widget\" data-widget_type=\"heading.default\">\n\t\t\t\t<div class=\"elementor-widget-container\">\n\t\t\t<h2 class=\"elementor-heading-title elementor-size-default\">Econ\u00f3micos <\/h2>\t\t<\/div>\n\t\t\t\t<\/div>\n\t\t\t\t\t<\/div>\n\t\t<\/div>\n\t\t\t\t\t\t\t<\/div>\n\t\t<\/section>\n\t\t\t\t<section class=\"elementor-section elementor-top-section elementor-element elementor-element-8ac8372 elementor-section-boxed elementor-section-height-default elementor-section-height-default\" data-id=\"8ac8372\" data-element_type=\"section\">\n\t\t\t\t\t\t<div class=\"elementor-container elementor-column-gap-default\">\n\t\t\t\t\t<div class=\"elementor-column elementor-col-33 elementor-top-column elementor-element elementor-element-06763da\" data-id=\"06763da\" data-element_type=\"column\">\n\t\t\t<div class=\"elementor-widget-wrap elementor-element-populated\">\n\t\t\t\t\t\t\t\t<div class=\"elementor-element elementor-element-c71178e elementor-cta--skin-classic elementor-animated-content elementor-bg-transform elementor-bg-transform-zoom-in elementor-widget elementor-widget-call-to-action\" data-id=\"c71178e\" data-element_type=\"widget\" data-widget_type=\"call-to-action.default\">\n\t\t\t\t<div class=\"elementor-widget-container\">\n\t\t\t<link rel=\"stylesheet\" href=\"https:\/\/www.alirent.com.uy\/wp-content\/plugins\/elementor-pro\/assets\/css\/widget-call-to-action.min.css\">\t\t<div class=\"elementor-cta\">\n\t\t\t\t\t<div class=\"elementor-cta__bg-wrapper\">\n\t\t\t\t<div class=\"elementor-cta__bg elementor-bg\" style=\"background-image: url(https:\/\/www.alirent.com.uy\/wp-content\/uploads\/2022\/10\/JAC-J2.jpg);\"><\/div>\n\t\t\t\t<div class=\"elementor-cta__bg-overlay\"><\/div>\n\t\t\t<\/div>\n\t\t\t\t\t\t\t<div class=\"elementor-cta__content\">\n\t\t\t\t\n\t\t\t\t<h2 class=\"elementor-cta__title elementor-cta__content-item elementor-content-item\">JAC J2<\/h2>\n\t\t\t\t\t\t\t\t\t<div class=\"elementor-cta__description elementor-cta__content-item elementor-content-item\">\n\t\t\t\t\t\t4 Puertas <br>\nAire Acondicionado <br>\nDirecci\u00f3n asistida <br>\nVidrios el\u00e9ctricos <br>\nManual <br>\nNafta <br>\nMotor 1.0\t\t\t\t\t<\/div>\n\t\t\t\t\n\t\t\t\t\t\t\t<\/div>\n\t\t\t\t\t\t<\/div>\n\t\t\t\t<\/div>\n\t\t\t\t<\/div>\n\t\t\t\t<div class=\"elementor-element elementor-element-5ce24a7 elementor-align-center elementor-widget elementor-widget-button\" data-id=\"5ce24a7\" data-element_type=\"widget\" data-widget_type=\"button.default\">\n\t\t\t\t<div class=\"elementor-widget-container\">\n\t\t\t\t\t<div class=\"elementor-button-wrapper\">\n\t\t\t<a href=\"https:\/\/www.alirent.com.uy\/index.php\/contacto\/\" class=\"elementor-button-link elementor-button elementor-size-lg\" role=\"button\">\n\t\t\t\t\t\t<span class=\"elementor-button-content-wrapper\">\n\t\t\t\t\t\t<span class=\"elementor-button-text\">Solicitar presupuesto<\/span>\n\t\t<\/span>\n\t\t\t\t\t<\/a>\n\t\t<\/div>\n\t\t\t\t<\/div>\n\t\t\t\t<\/div>\n\t\t\t\t\t<\/div>\n\t\t<\/div>\n\t\t\t\t<div class=\"elementor-column elementor-col-33 elementor-top-column elementor-element elementor-element-db819cc\" data-id=\"db819cc\" data-element_type=\"column\">\n\t\t\t<div class=\"elementor-widget-wrap elementor-element-populated\">\n\t\t\t\t\t\t\t\t<div class=\"elementor-element elementor-element-f3ad4ce elementor-cta--skin-classic elementor-animated-content elementor-bg-transform elementor-bg-transform-zoom-in elementor-widget elementor-widget-call-to-action\" data-id=\"f3ad4ce\" data-element_type=\"widget\" data-widget_type=\"call-to-action.default\">\n\t\t\t\t<div class=\"elementor-widget-container\">\n\t\t\t\t\t<div class=\"elementor-cta\">\n\t\t\t\t\t<div class=\"elementor-cta__bg-wrapper\">\n\t\t\t\t<div class=\"elementor-cta__bg elementor-bg\" style=\"background-image: url(https:\/\/www.alirent.com.uy\/wp-content\/uploads\/2022\/10\/BYDF0.jpg);\"><\/div>\n\t\t\t\t<div class=\"elementor-cta__bg-overlay\"><\/div>\n\t\t\t<\/div>\n\t\t\t\t\t\t\t<div class=\"elementor-cta__content\">\n\t\t\t\t\n\t\t\t\t<h2 class=\"elementor-cta__title elementor-cta__content-item elementor-content-item\">BYD F0<\/h2>\n\t\t\t\t\t\t\t\t\t<div class=\"elementor-cta__description elementor-cta__content-item elementor-content-item\">\n\t\t\t\t\t\t4 Puertas <br>\nAire Acondicionado <br>\nDirecci\u00f3n asistida <br>\nVidrios el\u00e9ctricos <br>\nManual <br>\nNafta <br>\nMotor 1.0\t\t\t\t\t<\/div>\n\t\t\t\t\n\t\t\t\t\t\t\t<\/div>\n\t\t\t\t\t\t<\/div>\n\t\t\t\t<\/div>\n\t\t\t\t<\/div>\n\t\t\t\t<div class=\"elementor-element elementor-element-02112e4 elementor-align-center elementor-widget elementor-widget-button\" data-id=\"02112e4\" data-element_type=\"widget\" data-widget_type=\"button.default\">\n\t\t\t\t<div class=\"elementor-widget-container\">\n\t\t\t\t\t<div class=\"elementor-button-wrapper\">\n\t\t\t<a href=\"https:\/\/www.alirent.com.uy\/index.php\/contacto\/\" class=\"elementor-button-link elementor-button elementor-size-lg\" role=\"button\">\n\t\t\t\t\t\t<span class=\"elementor-button-content-wrapper\">\n\t\t\t\t\t\t<span class=\"elementor-button-text\">Solicitar presupuesto<\/span>\n\t\t<\/span>\n\t\t\t\t\t<\/a>\n\t\t<\/div>\n\t\t\t\t<\/div>\n\t\t\t\t<\/div>\n\t\t\t\t\t<\/div>\n\t\t<\/div>\n\t\t\t\t<div class=\"elementor-column elementor-col-33 elementor-top-column elementor-element elementor-element-afb5511\" data-id=\"afb5511\" data-element_type=\"column\">\n\t\t\t<div class=\"elementor-widget-wrap elementor-element-populated\">\n\t\t\t\t\t\t\t\t<div class=\"elementor-element elementor-element-7ed13ce elementor-cta--skin-classic elementor-animated-content elementor-bg-transform elementor-bg-transform-zoom-in elementor-widget elementor-widget-call-to-action\" data-id=\"7ed13ce\" data-element_type=\"widget\" data-widget_type=\"call-to-action.default\">\n\t\t\t\t<div class=\"elementor-widget-container\">\n\t\t\t\t\t<div class=\"elementor-cta\">\n\t\t\t\t\t<div class=\"elementor-cta__bg-wrapper\">\n\t\t\t\t<div class=\"elementor-cta__bg elementor-bg\" style=\"background-image: url(https:\/\/www.alirent.com.uy\/wp-content\/uploads\/2022\/10\/KWID.jpg);\"><\/div>\n\t\t\t\t<div class=\"elementor-cta__bg-overlay\"><\/div>\n\t\t\t<\/div>\n\t\t\t\t\t\t\t<div class=\"elementor-cta__content\">\n\t\t\t\t\n\t\t\t\t<h2 class=\"elementor-cta__title elementor-cta__content-item elementor-content-item\">RENAULT KWID<\/h2>\n\t\t\t\t\t\t\t\t\t<div class=\"elementor-cta__description elementor-cta__content-item elementor-content-item\">\n\t\t\t\t\t\t\n4 Puertas <br>\nAire Acondicionado <br>\nDirecci\u00f3n asistida <br>\nManual <br>\nNafta <br>\nMotor 1.0\t\t\t\t\t<\/div>\n\t\t\t\t\n\t\t\t\t\t\t\t<\/div>\n\t\t\t\t\t\t<\/div>\n\t\t\t\t<\/div>\n\t\t\t\t<\/div>\n\t\t\t\t<div class=\"elementor-element elementor-element-56e8c45 elementor-align-center elementor-widget elementor-widget-button\" data-id=\"56e8c45\" data-element_type=\"widget\" data-widget_type=\"button.default\">\n\t\t\t\t<div class=\"elementor-widget-container\">\n\t\t\t\t\t<div class=\"elementor-button-wrapper\">\n\t\t\t<a href=\"https:\/\/www.alirent.com.uy\/index.php\/contacto\/\" class=\"elementor-button-link elementor-button elementor-size-lg\" role=\"button\">\n\t\t\t\t\t\t<span class=\"elementor-button-content-wrapper\">\n\t\t\t\t\t\t<span class=\"elementor-button-text\">Solicitar presupuesto<\/span>\n\t\t<\/span>\n\t\t\t\t\t<\/a>\n\t\t<\/div>\n\t\t\t\t<\/div>\n\t\t\t\t<\/div>\n\t\t\t\t\t<\/div>\n\t\t<\/div>\n\t\t\t\t\t\t\t<\/div>\n\t\t<\/section>\n\t\t\t\t\t\t\t<\/div>\n\t\t","protected":false},"excerpt":{"rendered":"<p>Econ\u00f3micos Econ\u00f3micos JAC J2 4 Puertas Aire Acondicionado Direcci\u00f3n asistida Vidrios el\u00e9ctricos Manual Nafta Motor 1.0 Solicitar presupuesto BYD F0 4 Puertas Aire Acondicionado Direcci\u00f3n asistida Vidrios el\u00e9ctricos Manual Nafta Motor 1.0 Solicitar presupuesto RENAULT KWID 4 Puertas Aire Acondicionado Direcci\u00f3n asistida Manual Nafta Motor 1.0 Solicitar presupuesto<\/p>\n","protected":false},"author":1,"featured_media":0,"parent":0,"menu_order":0,"comment_status":"closed","ping_status":"closed","template":"","meta":{"om_disable_all_campaigns":false,"_monsterinsights_skip_tracking":false,"_monsterinsights_sitenote_active":false,"_monsterinsights_sitenote_note":"","_monsterinsights_sitenote_category":0,"_uf_show_specific_survey":0,"_uf_disable_surveys":false,"site-sidebar-layout":"no-sidebar","site-content-layout":"page-builder","ast-global-header-display":"disabled","ast-main-header-display":"","ast-hfb-above-header-display":"","ast-hfb-below-header-display":"","ast-hfb-mobile-header-display":"","site-post-title":"disabled","ast-breadcrumbs-content":"","ast-featured-img":"disabled","footer-sml-layout":"disabled","theme-transparent-header-meta":"","adv-header-id-meta":"","stick-header-meta":"","header-above-stick-meta":"","header-main-stick-meta":"","header-below-stick-meta":"","footnotes":""},"class_list":["post-81","page","type-page","status-publish","hentry"],"aioseo_notices":[],"yoast_head":"<!-- This site is optimized with the Yoast SEO plugin v20.11 - https:\/\/yoast.com\/wordpress\/plugins\/seo\/ -->\n<title>Autos econ\u00f3micos - Alirent<\/title>\n<meta name=\"description\" content=\"Encuentra los autos m\u00e1s econ\u00f3micos para alquilar. Ahorra en tu renta sin sacrificar calidad. Reserva hoy y disfruta con los precios m\u00e1s accesibles\" \/>\n<meta name=\"robots\" content=\"index, follow, max-snippet:-1, max-image-preview:large, max-video-preview:-1\" \/>\n<link rel=\"canonical\" href=\"https:\/\/www.alirent.com.uy\/index.php\/economicos\/\" \/>\n<meta property=\"og:locale\" content=\"es_ES\" \/>\n<meta property=\"og:type\" content=\"article\" \/>\n<meta property=\"og:title\" content=\"Autos econ\u00f3micos - Alirent\" \/>\n<meta property=\"og:description\" content=\"Encuentra los autos m\u00e1s econ\u00f3micos para alquilar. Ahorra en tu renta sin sacrificar calidad. Reserva hoy y disfruta con los precios m\u00e1s accesibles\" \/>\n<meta property=\"og:url\" content=\"https:\/\/www.alirent.com.uy\/index.php\/economicos\/\" \/>\n<meta property=\"og:site_name\" content=\"Alquiler de autos - Alirent\" \/>\n<meta property=\"article:modified_time\" content=\"2024-08-14T20:31:37+00:00\" \/>\n<meta name=\"twitter:card\" content=\"summary_large_image\" \/>\n<meta name=\"twitter:label1\" content=\"Est. reading time\" \/>\n\t<meta name=\"twitter:data1\" content=\"1 minuto\" \/>\n<script type=\"application\/ld+json\" class=\"yoast-schema-graph\">{\"@context\":\"https:\/\/schema.org\",\"@graph\":[{\"@type\":\"WebPage\",\"@id\":\"https:\/\/www.alirent.com.uy\/index.php\/economicos\/\",\"url\":\"https:\/\/www.alirent.com.uy\/index.php\/economicos\/\",\"name\":\"Autos econ\u00f3micos - Alirent\",\"isPartOf\":{\"@id\":\"https:\/\/www.alirent.com.uy\/#website\"},\"datePublished\":\"2022-09-26T21:24:18+00:00\",\"dateModified\":\"2024-08-14T20:31:37+00:00\",\"description\":\"Encuentra los autos m\u00e1s econ\u00f3micos para alquilar. Ahorra en tu renta sin sacrificar calidad. Reserva hoy y disfruta con los precios m\u00e1s accesibles\",\"breadcrumb\":{\"@id\":\"https:\/\/www.alirent.com.uy\/index.php\/economicos\/#breadcrumb\"},\"inLanguage\":\"es-UY\",\"potentialAction\":[{\"@type\":\"ReadAction\",\"target\":[\"https:\/\/www.alirent.com.uy\/index.php\/economicos\/\"]}]},{\"@type\":\"BreadcrumbList\",\"@id\":\"https:\/\/www.alirent.com.uy\/index.php\/economicos\/#breadcrumb\",\"itemListElement\":[{\"@type\":\"ListItem\",\"position\":1,\"name\":\"Home\",\"item\":\"https:\/\/www.alirent.com.uy\/\"},{\"@type\":\"ListItem\",\"position\":2,\"name\":\"Econ\u00f3micos\"}]},{\"@type\":\"WebSite\",\"@id\":\"https:\/\/www.alirent.com.uy\/#website\",\"url\":\"https:\/\/www.alirent.com.uy\/\",\"name\":\"Alquiler de autos - Alirent\",\"description\":\"alquiler de autos en Montevideo\",\"publisher\":{\"@id\":\"https:\/\/www.alirent.com.uy\/#organization\"},\"potentialAction\":[{\"@type\":\"SearchAction\",\"target\":{\"@type\":\"EntryPoint\",\"urlTemplate\":\"https:\/\/www.alirent.com.uy\/?s={search_term_string}\"},\"query-input\":\"required name=search_term_string\"}],\"inLanguage\":\"es-UY\"},{\"@type\":\"Organization\",\"@id\":\"https:\/\/www.alirent.com.uy\/#organization\",\"name\":\"Alquiler de autos - Alirent\",\"url\":\"https:\/\/www.alirent.com.uy\/\",\"logo\":{\"@type\":\"ImageObject\",\"inLanguage\":\"es-UY\",\"@id\":\"https:\/\/www.alirent.com.uy\/#\/schema\/logo\/image\/\",\"url\":\"https:\/\/www.alirent.com.uy\/wp-content\/uploads\/2022\/09\/Feed-Alirent-Tu-historia-Post-de-Instagram-1-e1723666635990.png\",\"contentUrl\":\"https:\/\/www.alirent.com.uy\/wp-content\/uploads\/2022\/09\/Feed-Alirent-Tu-historia-Post-de-Instagram-1-e1723666635990.png\",\"width\":795,\"height\":721,\"caption\":\"Alquiler de autos - Alirent\"},\"image\":{\"@id\":\"https:\/\/www.alirent.com.uy\/#\/schema\/logo\/image\/\"}}]}<\/script>\n<!-- \/ Yoast SEO plugin. -->","yoast_head_json":{"title":"Autos econ\u00f3micos - Alirent","description":"Encuentra los autos m\u00e1s econ\u00f3micos para alquilar. Ahorra en tu renta sin sacrificar calidad. Reserva hoy y disfruta con los precios m\u00e1s accesibles","robots":{"index":"index","follow":"follow","max-snippet":"max-snippet:-1","max-image-preview":"max-image-preview:large","max-video-preview":"max-video-preview:-1"},"canonical":"https:\/\/www.alirent.com.uy\/index.php\/economicos\/","og_locale":"es_ES","og_type":"article","og_title":"Autos econ\u00f3micos - Alirent","og_description":"Encuentra los autos m\u00e1s econ\u00f3micos para alquilar. Ahorra en tu renta sin sacrificar calidad. Reserva hoy y disfruta con los precios m\u00e1s accesibles","og_url":"https:\/\/www.alirent.com.uy\/index.php\/economicos\/","og_site_name":"Alquiler de autos - Alirent","article_modified_time":"2024-08-14T20:31:37+00:00","twitter_card":"summary_large_image","twitter_misc":{"Est. reading time":"1 minuto"},"schema":{"@context":"https:\/\/schema.org","@graph":[{"@type":"WebPage","@id":"https:\/\/www.alirent.com.uy\/index.php\/economicos\/","url":"https:\/\/www.alirent.com.uy\/index.php\/economicos\/","name":"Autos econ\u00f3micos - Alirent","isPartOf":{"@id":"https:\/\/www.alirent.com.uy\/#website"},"datePublished":"2022-09-26T21:24:18+00:00","dateModified":"2024-08-14T20:31:37+00:00","description":"Encuentra los autos m\u00e1s econ\u00f3micos para alquilar. Ahorra en tu renta sin sacrificar calidad. Reserva hoy y disfruta con los precios m\u00e1s accesibles","breadcrumb":{"@id":"https:\/\/www.alirent.com.uy\/index.php\/economicos\/#breadcrumb"},"inLanguage":"es-UY","potentialAction":[{"@type":"ReadAction","target":["https:\/\/www.alirent.com.uy\/index.php\/economicos\/"]}]},{"@type":"BreadcrumbList","@id":"https:\/\/www.alirent.com.uy\/index.php\/economicos\/#breadcrumb","itemListElement":[{"@type":"ListItem","position":1,"name":"Home","item":"https:\/\/www.alirent.com.uy\/"},{"@type":"ListItem","position":2,"name":"Econ\u00f3micos"}]},{"@type":"WebSite","@id":"https:\/\/www.alirent.com.uy\/#website","url":"https:\/\/www.alirent.com.uy\/","name":"Alquiler de autos - Alirent","description":"alquiler de autos en Montevideo","publisher":{"@id":"https:\/\/www.alirent.com.uy\/#organization"},"potentialAction":[{"@type":"SearchAction","target":{"@type":"EntryPoint","urlTemplate":"https:\/\/www.alirent.com.uy\/?s={search_term_string}"},"query-input":"required name=search_term_string"}],"inLanguage":"es-UY"},{"@type":"Organization","@id":"https:\/\/www.alirent.com.uy\/#organization","name":"Alquiler de autos - Alirent","url":"https:\/\/www.alirent.com.uy\/","logo":{"@type":"ImageObject","inLanguage":"es-UY","@id":"https:\/\/www.alirent.com.uy\/#\/schema\/logo\/image\/","url":"https:\/\/www.alirent.com.uy\/wp-content\/uploads\/2022\/09\/Feed-Alirent-Tu-historia-Post-de-Instagram-1-e1723666635990.png","contentUrl":"https:\/\/www.alirent.com.uy\/wp-content\/uploads\/2022\/09\/Feed-Alirent-Tu-historia-Post-de-Instagram-1-e1723666635990.png","width":795,"height":721,"caption":"Alquiler de autos - Alirent"},"image":{"@id":"https:\/\/www.alirent.com.uy\/#\/schema\/logo\/image\/"}}]}},"_links":{"self":[{"href":"https:\/\/www.alirent.com.uy\/index.php\/wp-json\/wp\/v2\/pages\/81","targetHints":{"allow":["GET"]}}],"collection":[{"href":"https:\/\/www.alirent.com.uy\/index.php\/wp-json\/wp\/v2\/pages"}],"about":[{"href":"https:\/\/www.alirent.com.uy\/index.php\/wp-json\/wp\/v2\/types\/page"}],"author":[{"embeddable":true,"href":"https:\/\/www.alirent.com.uy\/index.php\/wp-json\/wp\/v2\/users\/1"}],"replies":[{"embeddable":true,"href":"https:\/\/www.alirent.com.uy\/index.php\/wp-json\/wp\/v2\/comments?post=81"}],"version-history":[{"count":43,"href":"https:\/\/www.alirent.com.uy\/index.php\/wp-json\/wp\/v2\/pages\/81\/revisions"}],"predecessor-version":[{"id":381,"href":"https:\/\/www.alirent.com.uy\/index.php\/wp-json\/wp\/v2\/pages\/81\/revisions\/381"}],"wp:attachment":[{"href":"https:\/\/www.alirent.com.uy\/index.php\/wp-json\/wp\/v2\/media?parent=81"}],"curies":[{"name":"wp","href":"https:\/\/api.w.org\/{rel}","templated":true}]}}